{"id":2402,"date":"2023-04-04T16:47:30","date_gmt":"2023-04-04T16:47:30","guid":{"rendered":"https:\/\/galrita.hu\/?post_type=product&#038;p=2402"},"modified":"2024-05-12T10:06:31","modified_gmt":"2024-05-12T10:06:31","slug":"zsizsi-zsiraf-babzsak-6-kiegeszito-erzelem-csomag","status":"publish","type":"product","link":"https:\/\/galrita.hu\/index.php\/termek\/zsizsi-zsiraf-babzsak-6-kiegeszito-erzelem-csomag\/","title":{"rendered":"Zsizsi zsir\u00e1f babzs\u00e1k 6 kieg\u00e9sz\u00edt\u0151 \u00e9rzelem csomag"},"content":{"rendered":"<p>Zsizsi zsir\u00e1f babzs\u00e1kok az \u00e9rzelmi intelligencia fejleszt\u00e9s seg\u00e9deszk\u00f6zek\u00e9nt sz\u00fclettek meg.<br \/>\nA kieg\u00e9sz\u00edt\u0151 csomag tov\u00e1bbi hat &nbsp;\u00e9rzelmet &nbsp;mutat be, kieg\u00e9sz\u00edtve az alap\u00e9rzelmek list\u00e1j\u00e1t..<br \/>\nA huzatokon Zsizsi zsir\u00e1f l\u00e1that\u00f3 mik\u00f6zben k\u00fcl\u00f6nb\u00f6z\u0151 \u00e9rzelmeket fejez ki, mint, izgatotts\u00e1g, megsz\u00e9gyen\u00fcl\u00e9s, h\u00e1la, b\u0171ntudat, sajn\u00e1lat \u00e9s a szeretet.<\/p>\n<ul>\n<li>Zsizsi zsir\u00e1f babzs\u00e1k:\n<ul>\n<li>A term\u00e9k alapanyaga: A bels\u0151 r\u00e9sz teljesen z\u00e1rt, a b\u00e9l\u00e9s 100% pamut, 300g kukorica t\u00f6ltettel. A k\u00fcls\u0151 anyag direkt nyom\u00e1ssal k\u00e9sz\u00fclt egyedi grafik\u00e1j\u00fa poli\u00e9szter patentokkal kapcsolva \u00f6ssze.<\/li>\n<li>A term\u00e9k alakja 15 cm-es \u00e1tm\u00e9r\u0151j\u0171 k\u00f6r. Mint\u00e1ja egyedi tervez\u00e9s\u0171 k\u00fcl\u00f6nb\u00f6z\u0151 mimik\u00e1kat kifejez\u0151 zsir\u00e1f.<\/li>\n<li>A term\u00e9k tiszt\u00edt\u00e1s\u00e1n\u00e1l a k\u00fcls\u0151 huzat 30 C-on mos\u00f3g\u00e9pben moshat\u00f3. A bels\u0151 babzs\u00e1k pedig a leveg\u0151n szell\u0151ztethet\u0151.<\/li>\n<li>A term\u00e9k teljes m\u00e9rt\u00e9kben magyar k\u00e9sz\u00edt\u00e9s\u0171.<\/li>\n<li>Egy darab babzs\u00e1k s\u00falya 300g.<\/li>\n<li>A babzs\u00e1k teljesen term\u00e9szetes anyaggal van t\u00f6ltve.<\/li>\n<li>A babzs\u00e1k t\u00f6ltete kukorica, j\u00f3t\u00e9kony hat\u00e1ssal van a finom motorikus k\u00e9szs\u00e9gek fejleszt\u00e9s\u00e9hez. Term\u00e9szetes t\u00f6lt\u0151anyag melynek s\u00falya lehet\u0151v\u00e9 teszi a j\u00e1t\u00e9koss\u00e1got, mint p\u00e9ld\u00e1ul a dob\u00e1l\u00e1st \u00e9s a kukoricaszemek kitapint\u00e1s\u00e1t a babzs\u00e1kban.<\/li>\n<\/ul>\n<\/li>\n<\/ul>\n<p><strong>Nincs sz\u00e1ll\u00edt\u00e1si k\u00f6lts\u00e9g!<\/strong><\/p>\n","protected":false},"excerpt":{"rendered":"<p>Zsizsi zsir\u00e1f babzs\u00e1kok az \u00e9rzelmi intelligencia fejleszt\u00e9s seg\u00e9deszk\u00f6zek\u00e9nt sz\u00fclettek meg. A kieg\u00e9sz\u00edt\u0151 csomag tov\u00e1bbi hat &nbsp;\u00e9rzelmet &nbsp;mutat be, kieg\u00e9sz\u00edtve az alap\u00e9rzelmek list\u00e1j\u00e1t.. A huzatokon Zsizsi zsir\u00e1f l\u00e1that\u00f3 mik\u00f6zben k\u00fcl\u00f6nb\u00f6z\u0151 \u00e9rzelmeket fejez ki, mint, izgatotts\u00e1g, megsz\u00e9gyen\u00fcl\u00e9s, h\u00e1la, b\u0171ntudat, sajn\u00e1lat \u00e9s a szeretet. Zsizsi zsir\u00e1f babzs\u00e1k: A term\u00e9k alapanyaga: A bels\u0151 r\u00e9sz teljesen z\u00e1rt, a b\u00e9l\u00e9s 100% [&hellip;]<\/p>\n","protected":false},"featured_media":2403,"template":"","meta":{"ngg_post_thumbnail":0},"product_cat":[15],"product_tag":[],"class_list":["post-2402","product","type-product","status-publish","has-post-thumbnail","hentry","product_cat-egyeb"],"acf":[],"_links":{"self":[{"href":"https:\/\/galrita.hu\/index.php\/wp-json\/wp\/v2\/product\/2402","targetHints":{"allow":["GET"]}}],"collection":[{"href":"https:\/\/galrita.hu\/index.php\/wp-json\/wp\/v2\/product"}],"about":[{"href":"https:\/\/galrita.hu\/index.php\/wp-json\/wp\/v2\/types\/product"}],"wp:featuredmedia":[{"embeddable":true,"href":"https:\/\/galrita.hu\/index.php\/wp-json\/wp\/v2\/media\/2403"}],"wp:attachment":[{"href":"https:\/\/galrita.hu\/index.php\/wp-json\/wp\/v2\/media?parent=2402"}],"wp:term":[{"taxonomy":"product_cat","embeddable":true,"href":"https:\/\/galrita.hu\/index.php\/wp-json\/wp\/v2\/product_cat?post=2402"},{"taxonomy":"product_tag","embeddable":true,"href":"https:\/\/galrita.hu\/index.php\/wp-json\/wp\/v2\/product_tag?post=2402"}],"curies":[{"name":"wp","href":"https:\/\/api.w.org\/{rel}","templated":true}]}}